{"id":1803,"date":"2021-05-12T11:58:54","date_gmt":"2021-05-12T09:58:54","guid":{"rendered":"http:\/\/preprod.canto-conseil.com\/discover\/index.php\/architecture-15\/"},"modified":"2022-11-04T08:44:32","modified_gmt":"2022-11-04T07:44:32","slug":"architecture-15","status":"publish","type":"page","link":"https:\/\/alarencontre.de\/reyniesartdeco\/architecture-15\/","title":{"rendered":"Architecture Art D\u00e9co 15"},"content":{"rendered":"\n<p>Exemple de construction qui fait bien appara\u00eetre la technique de construction avec le b\u00e9ton banch\u00e9 comme cela s\u2019est fait apr\u00e8s l\u2019inondation. Le but de cette technique \u00e9tait de rendre le b\u00e2ti indestructible, d\u2019autant que sont inclus dans ces coffrages de nombreux \u00e9l\u00e9ments m\u00e9talliques, comme parfois des charrues et des bandages de roues de charret\u00e9es. Il est \u00e0 noter que ce mur est \u00ab&nbsp;brut&nbsp;\u00bb et que la plupart des maisons reconstruites sont de ce type sous le cr\u00e9pi.<\/p>\n\n\n<div class=\"pgc-sgb-cb wp-block-pgcsimplygalleryblock-masonry \" data-gallery-id=\"46725249\"><div class=\"sgb-preloader\" id=\"pr_46725249\">\n\t<div class=\"sgb-square\" style=\"background:#d4d4d4\"><\/div>\n\t<div class=\"sgb-square\" style=\"background:#d4d4d4\"><\/div>\n\t<div class=\"sgb-square\" style=\"background:#d4d4d4\"><\/div>\n\t<div class=\"sgb-square\" style=\"background:#d4d4d4\"><\/div><\/div><div class=\"simply-gallery-amp pgc_sgb_slider \"><noscript><div class=\"sgb-gallery\"><div class=\"sgb-item\"><a href=\"https:\/\/alarencontre.de\/reyniesartdeco\/?attachment_id=2535\" target=\"_blank\"><img decoding=\"async\" alt=\"\" width=\"300\" height=\"199\" loading=\"lazy\" src=\"https:\/\/alarencontre.de\/reyniesartdeco\/wp-content\/uploads\/2022\/10\/A15.3-scaled-1-300x199.jpg\" srcset=\"https:\/\/alarencontre.de\/reyniesartdeco\/wp-content\/uploads\/2022\/10\/A15.3-scaled-1-300x199.jpg 300w,https:\/\/alarencontre.de\/reyniesartdeco\/wp-content\/uploads\/2022\/10\/A15.3-scaled-1-1024x681.jpg 1024w,https:\/\/alarencontre.de\/reyniesartdeco\/wp-content\/uploads\/2022\/10\/A15.3-scaled-1.jpg 2560w\" sizes=\"auto, 250px\"\/><\/a><\/div><\/div><\/noscript><\/div><script type=\"application\/json\" class=\"sgb-data\">{\"externalLink\":false,\"captions\":false,\"collectionThumbSubMenuDownload\":false,\"galleryType\":\"pgc_sgb_masonry\",\"galleryId\":\"46725249\",\"images\":[{\"id\":2535,\"title\":\"A15.3-scaled\",\"url\":\"https:\/\/alarencontre.de\/reyniesartdeco\/wp-content\/uploads\/2022\/10\/A15.3-scaled-1.jpg\",\"link\":\"https:\/\/alarencontre.de\/reyniesartdeco\/?attachment_id=2535\",\"alt\":\"\",\"description\":\"\",\"caption\":\"\",\"mime\":\"image\/jpeg\",\"type\":\"image\",\"width\":2560,\"height\":1702,\"sizes\":{\"thumbnail\":{\"height\":150,\"width\":150,\"url\":\"https:\/\/alarencontre.de\/reyniesartdeco\/wp-content\/uploads\/2022\/10\/A15.3-scaled-1-150x150.jpg\",\"orientation\":\"landscape\"},\"medium\":{\"height\":199,\"width\":300,\"url\":\"https:\/\/alarencontre.de\/reyniesartdeco\/wp-content\/uploads\/2022\/10\/A15.3-scaled-1-300x199.jpg\",\"orientation\":\"landscape\"},\"large\":{\"height\":681,\"width\":1024,\"url\":\"https:\/\/alarencontre.de\/reyniesartdeco\/wp-content\/uploads\/2022\/10\/A15.3-scaled-1-1024x681.jpg\",\"orientation\":\"landscape\"},\"full\":{\"url\":\"https:\/\/alarencontre.de\/reyniesartdeco\/wp-content\/uploads\/2022\/10\/A15.3-scaled-1.jpg\",\"height\":1702,\"width\":2560,\"orientation\":\"landscape\"}},\"meta\":false,\"postlink\":\"https:\/\/alarencontre.de\/reyniesartdeco\/?attachment_id=2535\"}],\"itemsMetaDataCollection\":[],\"useClobalSettings\":true,\"sliderItemDownload\":false}<\/script><script>(function(){if(window.PGC_SGB && window.PGC_SGB.searcher){window.PGC_SGB.searcher.initBlocks()}})()<\/script><\/div>\n\n\n\n<figure class=\"wp-block-image aligncenter size-full\"><a href=\"\/reyniesartdeco\/carte\/\"><img loading=\"lazy\" decoding=\"async\" width=\"295\" height=\"286\" src=\"https:\/\/alarencontre.de\/reyniesartdeco\/wp-content\/uploads\/2022\/11\/carte-reynies2.png\" alt=\"\" class=\"wp-image-2595\"\/><\/a><\/figure>\n","protected":false},"excerpt":{"rendered":"<p>Exemple de construction qui fait bien appara\u00eetre la technique de construction avec le b\u00e9ton banch\u00e9 comme cela s\u2019est fait apr\u00e8s l\u2019inondation. Le but de cette technique \u00e9tait de rendre le b\u00e2ti indestructible, d\u2019autant que sont inclus dans ces coffrages de nombreux \u00e9l\u00e9ments m\u00e9talliques, comme parfois des charrues et des bandages de roues de charret\u00e9es. Il [&hellip;]<\/p>\n","protected":false},"author":3,"featured_media":0,"parent":0,"menu_order":0,"comment_status":"closed","ping_status":"closed","template":"","meta":{"site-sidebar-layout":"default","site-content-layout":"","ast-site-content-layout":"default","site-content-style":"default","site-sidebar-style":"default","ast-global-header-display":"","ast-banner-title-visibility":"","ast-main-header-display":"","ast-hfb-above-header-display":"","ast-hfb-below-header-display":"","ast-hfb-mobile-header-display":"","site-post-title":"","ast-breadcrumbs-content":"","ast-featured-img":"","footer-sml-layout":"","ast-disable-related-posts":"","theme-transparent-header-meta":"","adv-header-id-meta":"","stick-header-meta":"","header-above-stick-meta":"","header-main-stick-meta":"","header-below-stick-meta":"","astra-migrate-meta-layouts":"default","ast-page-background-enabled":"default","ast-page-background-meta":{"desktop":{"background-color":"var(--ast-global-color-4)","background-image":"","background-repeat":"repeat","background-position":"center center","background-size":"auto","background-attachment":"scroll","background-type":"","background-media":"","overlay-type":"","overlay-color":"","overlay-opacity":"","overlay-gradient":""},"tablet":{"background-color":"","background-image":"","background-repeat":"repeat","background-position":"center center","background-size":"auto","background-attachment":"scroll","background-type":"","background-media":"","overlay-type":"","overlay-color":"","overlay-opacity":"","overlay-gradient":""},"mobile":{"background-color":"","background-image":"","background-repeat":"repeat","background-position":"center center","background-size":"auto","background-attachment":"scroll","background-type":"","background-media":"","overlay-type":"","overlay-color":"","overlay-opacity":"","overlay-gradient":""}},"ast-content-background-meta":{"desktop":{"background-color":"var(--ast-global-color-5)","background-image":"","background-repeat":"repeat","background-position":"center center","background-size":"auto","background-attachment":"scroll","background-type":"","background-media":"","overlay-type":"","overlay-color":"","overlay-opacity":"","overlay-gradient":""},"tablet":{"background-color":"var(--ast-global-color-5)","background-image":"","background-repeat":"repeat","background-position":"center center","background-size":"auto","background-attachment":"scroll","background-type":"","background-media":"","overlay-type":"","overlay-color":"","overlay-opacity":"","overlay-gradient":""},"mobile":{"background-color":"var(--ast-global-color-5)","background-image":"","background-repeat":"repeat","background-position":"center center","background-size":"auto","background-attachment":"scroll","background-type":"","background-media":"","overlay-type":"","overlay-color":"","overlay-opacity":"","overlay-gradient":""}},"pgc_sgb_lightbox_settings":"","iawp_total_views":0,"footnotes":""},"class_list":["post-1803","page","type-page","status-publish","hentry"],"yoast_head":"<!-- This site is optimized with the Yoast SEO plugin v27.4 - https:\/\/yoast.com\/product\/yoast-seo-wordpress\/ -->\n<title>Architecture Art D\u00e9co 15 - A la rencontre de<\/title>\n<meta name=\"description\" content=\"\u00ab \u00c0 la rencontre de \u00bb, une application Internet de d\u00e9couverte du patrimoine architectural\" \/>\n<meta name=\"robots\" content=\"index, follow, max-snippet:-1, max-image-preview:large, max-video-preview:-1\" \/>\n<link rel=\"canonical\" href=\"https:\/\/alarencontre.de\/reyniesartdeco\/architecture-15\/\" \/>\n<meta property=\"og:locale\" content=\"fr_FR\" \/>\n<meta property=\"og:type\" content=\"article\" \/>\n<meta property=\"og:title\" content=\"Architecture Art D\u00e9co 15 - A la rencontre de\" \/>\n<meta property=\"og:description\" content=\"\u00ab \u00c0 la rencontre de \u00bb, une application Internet de d\u00e9couverte du patrimoine architectural\" \/>\n<meta property=\"og:url\" content=\"https:\/\/alarencontre.de\/reyniesartdeco\/architecture-15\/\" \/>\n<meta property=\"og:site_name\" content=\"A la rencontre de\" \/>\n<meta property=\"article:modified_time\" content=\"2022-11-04T07:44:32+00:00\" \/>\n<meta name=\"twitter:card\" content=\"summary_large_image\" \/>\n<meta name=\"twitter:label1\" content=\"Dur\u00e9e de lecture estim\u00e9e\" \/>\n\t<meta name=\"twitter:data1\" content=\"1 minute\" \/>\n<script type=\"application\/ld+json\" class=\"yoast-schema-graph\">{\"@context\":\"https:\\\/\\\/schema.org\",\"@graph\":[{\"@type\":\"WebPage\",\"@id\":\"https:\\\/\\\/alarencontre.de\\\/reyniesartdeco\\\/architecture-15\\\/\",\"url\":\"https:\\\/\\\/alarencontre.de\\\/reyniesartdeco\\\/architecture-15\\\/\",\"name\":\"Architecture Art D\u00e9co 15 - A la rencontre de\",\"isPartOf\":{\"@id\":\"https:\\\/\\\/alarencontre.de\\\/reyniesartdeco\\\/#website\"},\"datePublished\":\"2021-05-12T09:58:54+00:00\",\"dateModified\":\"2022-11-04T07:44:32+00:00\",\"description\":\"\u00ab \u00c0 la rencontre de \u00bb, une application Internet de d\u00e9couverte du patrimoine architectural\",\"breadcrumb\":{\"@id\":\"https:\\\/\\\/alarencontre.de\\\/reyniesartdeco\\\/architecture-15\\\/#breadcrumb\"},\"inLanguage\":\"fr-FR\",\"potentialAction\":[{\"@type\":\"ReadAction\",\"target\":[\"https:\\\/\\\/alarencontre.de\\\/reyniesartdeco\\\/architecture-15\\\/\"]}]},{\"@type\":\"BreadcrumbList\",\"@id\":\"https:\\\/\\\/alarencontre.de\\\/reyniesartdeco\\\/architecture-15\\\/#breadcrumb\",\"itemListElement\":[{\"@type\":\"ListItem\",\"position\":1,\"name\":\"Accueil\",\"item\":\"https:\\\/\\\/alarencontre.de\\\/reyniesartdeco\\\/\"},{\"@type\":\"ListItem\",\"position\":2,\"name\":\"Architecture Art D\u00e9co 15\"}]},{\"@type\":\"WebSite\",\"@id\":\"https:\\\/\\\/alarencontre.de\\\/reyniesartdeco\\\/#website\",\"url\":\"https:\\\/\\\/alarencontre.de\\\/reyniesartdeco\\\/\",\"name\":\"A la rencontre de\",\"description\":\"Reyni\u00e8s Art D\u00e9co\",\"publisher\":{\"@id\":\"https:\\\/\\\/alarencontre.de\\\/reyniesartdeco\\\/#organization\"},\"potentialAction\":[{\"@type\":\"SearchAction\",\"target\":{\"@type\":\"EntryPoint\",\"urlTemplate\":\"https:\\\/\\\/alarencontre.de\\\/reyniesartdeco\\\/?s={search_term_string}\"},\"query-input\":{\"@type\":\"PropertyValueSpecification\",\"valueRequired\":true,\"valueName\":\"search_term_string\"}}],\"inLanguage\":\"fr-FR\"},{\"@type\":\"Organization\",\"@id\":\"https:\\\/\\\/alarencontre.de\\\/reyniesartdeco\\\/#organization\",\"name\":\"A la rencontre de\",\"url\":\"https:\\\/\\\/alarencontre.de\\\/reyniesartdeco\\\/\",\"logo\":{\"@type\":\"ImageObject\",\"inLanguage\":\"fr-FR\",\"@id\":\"https:\\\/\\\/alarencontre.de\\\/reyniesartdeco\\\/#\\\/schema\\\/logo\\\/image\\\/\",\"url\":\"https:\\\/\\\/alarencontre.de\\\/reyniesartdeco\\\/wp-content\\\/uploads\\\/2022\\\/11\\\/logo-a-la-rencontre-de_192.png\",\"contentUrl\":\"https:\\\/\\\/alarencontre.de\\\/reyniesartdeco\\\/wp-content\\\/uploads\\\/2022\\\/11\\\/logo-a-la-rencontre-de_192.png\",\"width\":192,\"height\":192,\"caption\":\"A la rencontre de\"},\"image\":{\"@id\":\"https:\\\/\\\/alarencontre.de\\\/reyniesartdeco\\\/#\\\/schema\\\/logo\\\/image\\\/\"}}]}<\/script>\n<!-- \/ Yoast SEO plugin. -->","yoast_head_json":{"title":"Architecture Art D\u00e9co 15 - A la rencontre de","description":"\u00ab \u00c0 la rencontre de \u00bb, une application Internet de d\u00e9couverte du patrimoine architectural","robots":{"index":"index","follow":"follow","max-snippet":"max-snippet:-1","max-image-preview":"max-image-preview:large","max-video-preview":"max-video-preview:-1"},"canonical":"https:\/\/alarencontre.de\/reyniesartdeco\/architecture-15\/","og_locale":"fr_FR","og_type":"article","og_title":"Architecture Art D\u00e9co 15 - A la rencontre de","og_description":"\u00ab \u00c0 la rencontre de \u00bb, une application Internet de d\u00e9couverte du patrimoine architectural","og_url":"https:\/\/alarencontre.de\/reyniesartdeco\/architecture-15\/","og_site_name":"A la rencontre de","article_modified_time":"2022-11-04T07:44:32+00:00","twitter_card":"summary_large_image","twitter_misc":{"Dur\u00e9e de lecture estim\u00e9e":"1 minute"},"schema":{"@context":"https:\/\/schema.org","@graph":[{"@type":"WebPage","@id":"https:\/\/alarencontre.de\/reyniesartdeco\/architecture-15\/","url":"https:\/\/alarencontre.de\/reyniesartdeco\/architecture-15\/","name":"Architecture Art D\u00e9co 15 - A la rencontre de","isPartOf":{"@id":"https:\/\/alarencontre.de\/reyniesartdeco\/#website"},"datePublished":"2021-05-12T09:58:54+00:00","dateModified":"2022-11-04T07:44:32+00:00","description":"\u00ab \u00c0 la rencontre de \u00bb, une application Internet de d\u00e9couverte du patrimoine architectural","breadcrumb":{"@id":"https:\/\/alarencontre.de\/reyniesartdeco\/architecture-15\/#breadcrumb"},"inLanguage":"fr-FR","potentialAction":[{"@type":"ReadAction","target":["https:\/\/alarencontre.de\/reyniesartdeco\/architecture-15\/"]}]},{"@type":"BreadcrumbList","@id":"https:\/\/alarencontre.de\/reyniesartdeco\/architecture-15\/#breadcrumb","itemListElement":[{"@type":"ListItem","position":1,"name":"Accueil","item":"https:\/\/alarencontre.de\/reyniesartdeco\/"},{"@type":"ListItem","position":2,"name":"Architecture Art D\u00e9co 15"}]},{"@type":"WebSite","@id":"https:\/\/alarencontre.de\/reyniesartdeco\/#website","url":"https:\/\/alarencontre.de\/reyniesartdeco\/","name":"A la rencontre de","description":"Reyni\u00e8s Art D\u00e9co","publisher":{"@id":"https:\/\/alarencontre.de\/reyniesartdeco\/#organization"},"potentialAction":[{"@type":"SearchAction","target":{"@type":"EntryPoint","urlTemplate":"https:\/\/alarencontre.de\/reyniesartdeco\/?s={search_term_string}"},"query-input":{"@type":"PropertyValueSpecification","valueRequired":true,"valueName":"search_term_string"}}],"inLanguage":"fr-FR"},{"@type":"Organization","@id":"https:\/\/alarencontre.de\/reyniesartdeco\/#organization","name":"A la rencontre de","url":"https:\/\/alarencontre.de\/reyniesartdeco\/","logo":{"@type":"ImageObject","inLanguage":"fr-FR","@id":"https:\/\/alarencontre.de\/reyniesartdeco\/#\/schema\/logo\/image\/","url":"https:\/\/alarencontre.de\/reyniesartdeco\/wp-content\/uploads\/2022\/11\/logo-a-la-rencontre-de_192.png","contentUrl":"https:\/\/alarencontre.de\/reyniesartdeco\/wp-content\/uploads\/2022\/11\/logo-a-la-rencontre-de_192.png","width":192,"height":192,"caption":"A la rencontre de"},"image":{"@id":"https:\/\/alarencontre.de\/reyniesartdeco\/#\/schema\/logo\/image\/"}}]}},"_links":{"self":[{"href":"https:\/\/alarencontre.de\/reyniesartdeco\/wp-json\/wp\/v2\/pages\/1803","targetHints":{"allow":["GET"]}}],"collection":[{"href":"https:\/\/alarencontre.de\/reyniesartdeco\/wp-json\/wp\/v2\/pages"}],"about":[{"href":"https:\/\/alarencontre.de\/reyniesartdeco\/wp-json\/wp\/v2\/types\/page"}],"author":[{"embeddable":true,"href":"https:\/\/alarencontre.de\/reyniesartdeco\/wp-json\/wp\/v2\/users\/3"}],"replies":[{"embeddable":true,"href":"https:\/\/alarencontre.de\/reyniesartdeco\/wp-json\/wp\/v2\/comments?post=1803"}],"version-history":[{"count":2,"href":"https:\/\/alarencontre.de\/reyniesartdeco\/wp-json\/wp\/v2\/pages\/1803\/revisions"}],"predecessor-version":[{"id":2573,"href":"https:\/\/alarencontre.de\/reyniesartdeco\/wp-json\/wp\/v2\/pages\/1803\/revisions\/2573"}],"wp:attachment":[{"href":"https:\/\/alarencontre.de\/reyniesartdeco\/wp-json\/wp\/v2\/media?parent=1803"}],"curies":[{"name":"wp","href":"https:\/\/api.w.org\/{rel}","templated":true}]}}