{"id":1804,"date":"2021-05-12T11:59:20","date_gmt":"2021-05-12T09:59:20","guid":{"rendered":"http:\/\/preprod.canto-conseil.com\/discover\/index.php\/architecture-6\/"},"modified":"2022-11-04T08:47:28","modified_gmt":"2022-11-04T07:47:28","slug":"architecture-6","status":"publish","type":"page","link":"https:\/\/alarencontre.de\/reyniesartdeco\/architecture-6\/","title":{"rendered":"Architecture Art D\u00e9co 6"},"content":{"rendered":"\n<p>Cette maison poss\u00e8de une fa\u00e7ade sym\u00e9trique et plate, mais qui se d\u00e9marque par ses ornementations : deux ouvertures en double baies g\u00e9min\u00e9es avec un encadrement en briques, des briques de parement qui ornent les angles ext\u00e9rieurs et des garde-corps en ferronnerie pour les ouvertures \u00e0 l\u2019\u00e9tage. L\u2019ouverture de la porte en arc se fait, elle aussi, en brique. Une premi\u00e8re partie de la fa\u00e7ade en moellon laisse place pour le reste de la fa\u00e7ade \u00e0 un enduit gris puis blanc dont la d\u00e9marcation est faite avec une s\u00e9rie de petits \u00e9l\u00e9ments en brique contournant les fen\u00eatres.<\/p>\n\n\n<div class=\"pgc-sgb-cb wp-block-pgcsimplygalleryblock-masonry \" data-gallery-id=\"57d77524\"><div class=\"sgb-preloader\" id=\"pr_57d77524\">\n\t<div class=\"sgb-square\" style=\"background:#d4d4d4\"><\/div>\n\t<div class=\"sgb-square\" style=\"background:#d4d4d4\"><\/div>\n\t<div class=\"sgb-square\" style=\"background:#d4d4d4\"><\/div>\n\t<div class=\"sgb-square\" style=\"background:#d4d4d4\"><\/div><\/div><div class=\"simply-gallery-amp pgc_sgb_slider \"><noscript><div class=\"sgb-gallery\"><div class=\"sgb-item\"><a href=\"https:\/\/alarencontre.de\/reyniesartdeco\/?attachment_id=2483\" target=\"_blank\"><img decoding=\"async\" alt=\"\" width=\"300\" height=\"201\" loading=\"lazy\" src=\"https:\/\/alarencontre.de\/reyniesartdeco\/wp-content\/uploads\/2022\/10\/A6.2-300x201.jpg\" srcset=\"https:\/\/alarencontre.de\/reyniesartdeco\/wp-content\/uploads\/2022\/10\/A6.2-300x201.jpg 300w,https:\/\/alarencontre.de\/reyniesartdeco\/wp-content\/uploads\/2022\/10\/A6.2-1024x685.jpg 1024w,https:\/\/alarencontre.de\/reyniesartdeco\/wp-content\/uploads\/2022\/10\/A6.2-scaled.jpg 2560w\" sizes=\"auto, 250px\"\/><\/a><\/div><div class=\"sgb-item\"><a href=\"https:\/\/alarencontre.de\/reyniesartdeco\/?attachment_id=2484\" target=\"_blank\"><img decoding=\"async\" alt=\"\" width=\"300\" height=\"201\" loading=\"lazy\" src=\"https:\/\/alarencontre.de\/reyniesartdeco\/wp-content\/uploads\/2022\/10\/A6.3-300x201.jpg\" srcset=\"https:\/\/alarencontre.de\/reyniesartdeco\/wp-content\/uploads\/2022\/10\/A6.3-300x201.jpg 300w,https:\/\/alarencontre.de\/reyniesartdeco\/wp-content\/uploads\/2022\/10\/A6.3-1024x685.jpg 1024w,https:\/\/alarencontre.de\/reyniesartdeco\/wp-content\/uploads\/2022\/10\/A6.3-scaled.jpg 2560w\" sizes=\"auto, 250px\"\/><\/a><\/div><div class=\"sgb-item\"><a href=\"https:\/\/alarencontre.de\/reyniesartdeco\/?attachment_id=2485\" target=\"_blank\"><img decoding=\"async\" alt=\"\" width=\"300\" height=\"201\" loading=\"lazy\" src=\"https:\/\/alarencontre.de\/reyniesartdeco\/wp-content\/uploads\/2022\/10\/A6.4-300x201.jpg\" srcset=\"https:\/\/alarencontre.de\/reyniesartdeco\/wp-content\/uploads\/2022\/10\/A6.4-300x201.jpg 300w,https:\/\/alarencontre.de\/reyniesartdeco\/wp-content\/uploads\/2022\/10\/A6.4-1024x685.jpg 1024w,https:\/\/alarencontre.de\/reyniesartdeco\/wp-content\/uploads\/2022\/10\/A6.4-scaled.jpg 2560w\" sizes=\"auto, 250px\"\/><\/a><\/div><div class=\"sgb-item\"><a href=\"https:\/\/alarencontre.de\/reyniesartdeco\/?attachment_id=2486\" target=\"_blank\"><img decoding=\"async\" alt=\"\" width=\"300\" height=\"201\" loading=\"lazy\" src=\"https:\/\/alarencontre.de\/reyniesartdeco\/wp-content\/uploads\/2022\/10\/A6.5-300x201.jpg\" srcset=\"https:\/\/alarencontre.de\/reyniesartdeco\/wp-content\/uploads\/2022\/10\/A6.5-300x201.jpg 300w,https:\/\/alarencontre.de\/reyniesartdeco\/wp-content\/uploads\/2022\/10\/A6.5-1024x685.jpg 1024w,https:\/\/alarencontre.de\/reyniesartdeco\/wp-content\/uploads\/2022\/10\/A6.5-scaled.jpg 2560w\" sizes=\"auto, 250px\"\/><\/a><\/div><div class=\"sgb-item\"><a href=\"https:\/\/alarencontre.de\/reyniesartdeco\/?attachment_id=2482\" target=\"_blank\"><img decoding=\"async\" alt=\"\" width=\"300\" height=\"201\" loading=\"lazy\" src=\"https:\/\/alarencontre.de\/reyniesartdeco\/wp-content\/uploads\/2022\/10\/A6.1-300x201.jpg\" srcset=\"https:\/\/alarencontre.de\/reyniesartdeco\/wp-content\/uploads\/2022\/10\/A6.1-300x201.jpg 300w,https:\/\/alarencontre.de\/reyniesartdeco\/wp-content\/uploads\/2022\/10\/A6.1-scaled.jpg 2560w\" sizes=\"auto, 250px\"\/><\/a><\/div><\/div><\/noscript><\/div><script type=\"application\/json\" class=\"sgb-data\">{\"externalLink\":false,\"captions\":false,\"collectionThumbSubMenuDownload\":false,\"galleryType\":\"pgc_sgb_masonry\",\"galleryId\":\"57d77524\",\"images\":[{\"id\":2483,\"title\":\"A6.2\",\"url\":\"https:\/\/alarencontre.de\/reyniesartdeco\/wp-content\/uploads\/2022\/10\/A6.2-scaled.jpg\",\"link\":\"https:\/\/alarencontre.de\/reyniesartdeco\/?attachment_id=2483\",\"alt\":\"\",\"description\":\"\",\"caption\":\"\",\"mime\":\"image\/jpeg\",\"type\":\"image\",\"width\":2560,\"height\":1714,\"sizes\":{\"thumbnail\":{\"height\":150,\"width\":150,\"url\":\"https:\/\/alarencontre.de\/reyniesartdeco\/wp-content\/uploads\/2022\/10\/A6.2-150x150.jpg\",\"orientation\":\"landscape\"},\"medium\":{\"height\":201,\"width\":300,\"url\":\"https:\/\/alarencontre.de\/reyniesartdeco\/wp-content\/uploads\/2022\/10\/A6.2-300x201.jpg\",\"orientation\":\"landscape\"},\"large\":{\"height\":685,\"width\":1024,\"url\":\"https:\/\/alarencontre.de\/reyniesartdeco\/wp-content\/uploads\/2022\/10\/A6.2-1024x685.jpg\",\"orientation\":\"landscape\"},\"full\":{\"url\":\"https:\/\/alarencontre.de\/reyniesartdeco\/wp-content\/uploads\/2022\/10\/A6.2-scaled.jpg\",\"height\":1714,\"width\":2560,\"orientation\":\"landscape\"}},\"meta\":false,\"postlink\":\"https:\/\/alarencontre.de\/reyniesartdeco\/?attachment_id=2483\"},{\"id\":2484,\"title\":\"A6.3\",\"url\":\"https:\/\/alarencontre.de\/reyniesartdeco\/wp-content\/uploads\/2022\/10\/A6.3-scaled.jpg\",\"link\":\"https:\/\/alarencontre.de\/reyniesartdeco\/?attachment_id=2484\",\"alt\":\"\",\"description\":\"\",\"caption\":\"\",\"mime\":\"image\/jpeg\",\"type\":\"image\",\"width\":2560,\"height\":1714,\"sizes\":{\"thumbnail\":{\"height\":150,\"width\":150,\"url\":\"https:\/\/alarencontre.de\/reyniesartdeco\/wp-content\/uploads\/2022\/10\/A6.3-150x150.jpg\",\"orientation\":\"landscape\"},\"medium\":{\"height\":201,\"width\":300,\"url\":\"https:\/\/alarencontre.de\/reyniesartdeco\/wp-content\/uploads\/2022\/10\/A6.3-300x201.jpg\",\"orientation\":\"landscape\"},\"large\":{\"height\":685,\"width\":1024,\"url\":\"https:\/\/alarencontre.de\/reyniesartdeco\/wp-content\/uploads\/2022\/10\/A6.3-1024x685.jpg\",\"orientation\":\"landscape\"},\"full\":{\"url\":\"https:\/\/alarencontre.de\/reyniesartdeco\/wp-content\/uploads\/2022\/10\/A6.3-scaled.jpg\",\"height\":1714,\"width\":2560,\"orientation\":\"landscape\"}},\"meta\":false,\"postlink\":\"https:\/\/alarencontre.de\/reyniesartdeco\/?attachment_id=2484\"},{\"id\":2485,\"title\":\"A6.4\",\"url\":\"https:\/\/alarencontre.de\/reyniesartdeco\/wp-content\/uploads\/2022\/10\/A6.4-scaled.jpg\",\"link\":\"https:\/\/alarencontre.de\/reyniesartdeco\/?attachment_id=2485\",\"alt\":\"\",\"description\":\"\",\"caption\":\"\",\"mime\":\"image\/jpeg\",\"type\":\"image\",\"width\":2560,\"height\":1714,\"sizes\":{\"thumbnail\":{\"height\":150,\"width\":150,\"url\":\"https:\/\/alarencontre.de\/reyniesartdeco\/wp-content\/uploads\/2022\/10\/A6.4-150x150.jpg\",\"orientation\":\"landscape\"},\"medium\":{\"height\":201,\"width\":300,\"url\":\"https:\/\/alarencontre.de\/reyniesartdeco\/wp-content\/uploads\/2022\/10\/A6.4-300x201.jpg\",\"orientation\":\"landscape\"},\"large\":{\"height\":685,\"width\":1024,\"url\":\"https:\/\/alarencontre.de\/reyniesartdeco\/wp-content\/uploads\/2022\/10\/A6.4-1024x685.jpg\",\"orientation\":\"landscape\"},\"full\":{\"url\":\"https:\/\/alarencontre.de\/reyniesartdeco\/wp-content\/uploads\/2022\/10\/A6.4-scaled.jpg\",\"height\":1714,\"width\":2560,\"orientation\":\"landscape\"}},\"meta\":false,\"postlink\":\"https:\/\/alarencontre.de\/reyniesartdeco\/?attachment_id=2485\"},{\"id\":2486,\"title\":\"A6.5\",\"url\":\"https:\/\/alarencontre.de\/reyniesartdeco\/wp-content\/uploads\/2022\/10\/A6.5-scaled.jpg\",\"link\":\"https:\/\/alarencontre.de\/reyniesartdeco\/?attachment_id=2486\",\"alt\":\"\",\"description\":\"\",\"caption\":\"\",\"mime\":\"image\/jpeg\",\"type\":\"image\",\"width\":2560,\"height\":1714,\"sizes\":{\"thumbnail\":{\"height\":150,\"width\":150,\"url\":\"https:\/\/alarencontre.de\/reyniesartdeco\/wp-content\/uploads\/2022\/10\/A6.5-150x150.jpg\",\"orientation\":\"landscape\"},\"medium\":{\"height\":201,\"width\":300,\"url\":\"https:\/\/alarencontre.de\/reyniesartdeco\/wp-content\/uploads\/2022\/10\/A6.5-300x201.jpg\",\"orientation\":\"landscape\"},\"large\":{\"height\":685,\"width\":1024,\"url\":\"https:\/\/alarencontre.de\/reyniesartdeco\/wp-content\/uploads\/2022\/10\/A6.5-1024x685.jpg\",\"orientation\":\"landscape\"},\"full\":{\"url\":\"https:\/\/alarencontre.de\/reyniesartdeco\/wp-content\/uploads\/2022\/10\/A6.5-scaled.jpg\",\"height\":1714,\"width\":2560,\"orientation\":\"landscape\"}},\"meta\":false,\"postlink\":\"https:\/\/alarencontre.de\/reyniesartdeco\/?attachment_id=2486\"},{\"id\":2482,\"title\":\"A6.1\",\"url\":\"https:\/\/alarencontre.de\/reyniesartdeco\/wp-content\/uploads\/2022\/10\/A6.1-scaled.jpg\",\"link\":\"https:\/\/alarencontre.de\/reyniesartdeco\/?attachment_id=2482\",\"alt\":\"\",\"description\":\"\",\"caption\":\"\",\"mime\":\"image\/jpeg\",\"type\":\"image\",\"width\":2560,\"height\":1714,\"sizes\":{\"medium\":{\"height\":201,\"width\":300,\"url\":\"https:\/\/alarencontre.de\/reyniesartdeco\/wp-content\/uploads\/2022\/10\/A6.1-300x201.jpg\",\"orientation\":\"landscape\"},\"full\":{\"url\":\"https:\/\/alarencontre.de\/reyniesartdeco\/wp-content\/uploads\/2022\/10\/A6.1-scaled.jpg\",\"height\":1714,\"width\":2560,\"orientation\":\"landscape\"}},\"meta\":false,\"postlink\":\"https:\/\/alarencontre.de\/reyniesartdeco\/?attachment_id=2482\"}],\"itemsMetaDataCollection\":[],\"useClobalSettings\":true,\"sliderItemDownload\":false}<\/script><script>(function(){if(window.PGC_SGB && window.PGC_SGB.searcher){window.PGC_SGB.searcher.initBlocks()}})()<\/script><\/div>\n\n\n\n<figure class=\"wp-block-image aligncenter size-full\"><a href=\"\/reyniesartdeco\/carte\/\"><img loading=\"lazy\" decoding=\"async\" width=\"295\" height=\"286\" src=\"https:\/\/alarencontre.de\/reyniesartdeco\/wp-content\/uploads\/2022\/11\/carte-reynies2.png\" alt=\"\" class=\"wp-image-2595\"\/><\/a><\/figure>\n","protected":false},"excerpt":{"rendered":"<p>Cette maison poss\u00e8de une fa\u00e7ade sym\u00e9trique et plate, mais qui se d\u00e9marque par ses ornementations : deux ouvertures en double baies g\u00e9min\u00e9es avec un encadrement en briques, des briques de parement qui ornent les angles ext\u00e9rieurs et des garde-corps en ferronnerie pour les ouvertures \u00e0 l\u2019\u00e9tage. L\u2019ouverture de la porte en arc se fait, elle [&hellip;]<\/p>\n","protected":false},"author":3,"featured_media":0,"parent":0,"menu_order":0,"comment_status":"closed","ping_status":"closed","template":"","meta":{"site-sidebar-layout":"default","site-content-layout":"","ast-site-content-layout":"default","site-content-style":"default","site-sidebar-style":"default","ast-global-header-display":"","ast-banner-title-visibility":"","ast-main-header-display":"","ast-hfb-above-header-display":"","ast-hfb-below-header-display":"","ast-hfb-mobile-header-display":"","site-post-title":"","ast-breadcrumbs-content":"","ast-featured-img":"","footer-sml-layout":"","ast-disable-related-posts":"","theme-transparent-header-meta":"","adv-header-id-meta":"","stick-header-meta":"","header-above-stick-meta":"","header-main-stick-meta":"","header-below-stick-meta":"","astra-migrate-meta-layouts":"default","ast-page-background-enabled":"default","ast-page-background-meta":{"desktop":{"background-color":"var(--ast-global-color-4)","background-image":"","background-repeat":"repeat","background-position":"center center","background-size":"auto","background-attachment":"scroll","background-type":"","background-media":"","overlay-type":"","overlay-color":"","overlay-opacity":"","overlay-gradient":""},"tablet":{"background-color":"","background-image":"","background-repeat":"repeat","background-position":"center center","background-size":"auto","background-attachment":"scroll","background-type":"","background-media":"","overlay-type":"","overlay-color":"","overlay-opacity":"","overlay-gradient":""},"mobile":{"background-color":"","background-image":"","background-repeat":"repeat","background-position":"center center","background-size":"auto","background-attachment":"scroll","background-type":"","background-media":"","overlay-type":"","overlay-color":"","overlay-opacity":"","overlay-gradient":""}},"ast-content-background-meta":{"desktop":{"background-color":"var(--ast-global-color-5)","background-image":"","background-repeat":"repeat","background-position":"center center","background-size":"auto","background-attachment":"scroll","background-type":"","background-media":"","overlay-type":"","overlay-color":"","overlay-opacity":"","overlay-gradient":""},"tablet":{"background-color":"var(--ast-global-color-5)","background-image":"","background-repeat":"repeat","background-position":"center center","background-size":"auto","background-attachment":"scroll","background-type":"","background-media":"","overlay-type":"","overlay-color":"","overlay-opacity":"","overlay-gradient":""},"mobile":{"background-color":"var(--ast-global-color-5)","background-image":"","background-repeat":"repeat","background-position":"center center","background-size":"auto","background-attachment":"scroll","background-type":"","background-media":"","overlay-type":"","overlay-color":"","overlay-opacity":"","overlay-gradient":""}},"pgc_sgb_lightbox_settings":"","iawp_total_views":0,"footnotes":""},"class_list":["post-1804","page","type-page","status-publish","hentry"],"yoast_head":"<!-- This site is optimized with the Yoast SEO plugin v27.4 - https:\/\/yoast.com\/product\/yoast-seo-wordpress\/ -->\n<title>Architecture Art D\u00e9co 6 - A la rencontre de<\/title>\n<meta name=\"description\" content=\"\u00ab \u00c0 la rencontre de \u00bb, une application Internet de d\u00e9couverte du patrimoine architectural\" \/>\n<meta name=\"robots\" content=\"index, follow, max-snippet:-1, max-image-preview:large, max-video-preview:-1\" \/>\n<link rel=\"canonical\" href=\"https:\/\/alarencontre.de\/reyniesartdeco\/architecture-6\/\" \/>\n<meta property=\"og:locale\" content=\"fr_FR\" \/>\n<meta property=\"og:type\" content=\"article\" \/>\n<meta property=\"og:title\" content=\"Architecture Art D\u00e9co 6 - A la rencontre de\" \/>\n<meta property=\"og:description\" content=\"\u00ab \u00c0 la rencontre de \u00bb, une application Internet de d\u00e9couverte du patrimoine architectural\" \/>\n<meta property=\"og:url\" content=\"https:\/\/alarencontre.de\/reyniesartdeco\/architecture-6\/\" \/>\n<meta property=\"og:site_name\" content=\"A la rencontre de\" \/>\n<meta property=\"article:modified_time\" content=\"2022-11-04T07:47:28+00:00\" \/>\n<meta name=\"twitter:card\" content=\"summary_large_image\" \/>\n<meta name=\"twitter:label1\" content=\"Dur\u00e9e de lecture estim\u00e9e\" \/>\n\t<meta name=\"twitter:data1\" content=\"1 minute\" \/>\n<script type=\"application\/ld+json\" class=\"yoast-schema-graph\">{\"@context\":\"https:\\\/\\\/schema.org\",\"@graph\":[{\"@type\":\"WebPage\",\"@id\":\"https:\\\/\\\/alarencontre.de\\\/reyniesartdeco\\\/architecture-6\\\/\",\"url\":\"https:\\\/\\\/alarencontre.de\\\/reyniesartdeco\\\/architecture-6\\\/\",\"name\":\"Architecture Art D\u00e9co 6 - A la rencontre de\",\"isPartOf\":{\"@id\":\"https:\\\/\\\/alarencontre.de\\\/reyniesartdeco\\\/#website\"},\"datePublished\":\"2021-05-12T09:59:20+00:00\",\"dateModified\":\"2022-11-04T07:47:28+00:00\",\"description\":\"\u00ab \u00c0 la rencontre de \u00bb, une application Internet de d\u00e9couverte du patrimoine architectural\",\"breadcrumb\":{\"@id\":\"https:\\\/\\\/alarencontre.de\\\/reyniesartdeco\\\/architecture-6\\\/#breadcrumb\"},\"inLanguage\":\"fr-FR\",\"potentialAction\":[{\"@type\":\"ReadAction\",\"target\":[\"https:\\\/\\\/alarencontre.de\\\/reyniesartdeco\\\/architecture-6\\\/\"]}]},{\"@type\":\"BreadcrumbList\",\"@id\":\"https:\\\/\\\/alarencontre.de\\\/reyniesartdeco\\\/architecture-6\\\/#breadcrumb\",\"itemListElement\":[{\"@type\":\"ListItem\",\"position\":1,\"name\":\"Accueil\",\"item\":\"https:\\\/\\\/alarencontre.de\\\/reyniesartdeco\\\/\"},{\"@type\":\"ListItem\",\"position\":2,\"name\":\"Architecture Art D\u00e9co 6\"}]},{\"@type\":\"WebSite\",\"@id\":\"https:\\\/\\\/alarencontre.de\\\/reyniesartdeco\\\/#website\",\"url\":\"https:\\\/\\\/alarencontre.de\\\/reyniesartdeco\\\/\",\"name\":\"A la rencontre de\",\"description\":\"Reyni\u00e8s Art D\u00e9co\",\"publisher\":{\"@id\":\"https:\\\/\\\/alarencontre.de\\\/reyniesartdeco\\\/#organization\"},\"potentialAction\":[{\"@type\":\"SearchAction\",\"target\":{\"@type\":\"EntryPoint\",\"urlTemplate\":\"https:\\\/\\\/alarencontre.de\\\/reyniesartdeco\\\/?s={search_term_string}\"},\"query-input\":{\"@type\":\"PropertyValueSpecification\",\"valueRequired\":true,\"valueName\":\"search_term_string\"}}],\"inLanguage\":\"fr-FR\"},{\"@type\":\"Organization\",\"@id\":\"https:\\\/\\\/alarencontre.de\\\/reyniesartdeco\\\/#organization\",\"name\":\"A la rencontre de\",\"url\":\"https:\\\/\\\/alarencontre.de\\\/reyniesartdeco\\\/\",\"logo\":{\"@type\":\"ImageObject\",\"inLanguage\":\"fr-FR\",\"@id\":\"https:\\\/\\\/alarencontre.de\\\/reyniesartdeco\\\/#\\\/schema\\\/logo\\\/image\\\/\",\"url\":\"https:\\\/\\\/alarencontre.de\\\/reyniesartdeco\\\/wp-content\\\/uploads\\\/2022\\\/11\\\/logo-a-la-rencontre-de_192.png\",\"contentUrl\":\"https:\\\/\\\/alarencontre.de\\\/reyniesartdeco\\\/wp-content\\\/uploads\\\/2022\\\/11\\\/logo-a-la-rencontre-de_192.png\",\"width\":192,\"height\":192,\"caption\":\"A la rencontre de\"},\"image\":{\"@id\":\"https:\\\/\\\/alarencontre.de\\\/reyniesartdeco\\\/#\\\/schema\\\/logo\\\/image\\\/\"}}]}<\/script>\n<!-- \/ Yoast SEO plugin. -->","yoast_head_json":{"title":"Architecture Art D\u00e9co 6 - A la rencontre de","description":"\u00ab \u00c0 la rencontre de \u00bb, une application Internet de d\u00e9couverte du patrimoine architectural","robots":{"index":"index","follow":"follow","max-snippet":"max-snippet:-1","max-image-preview":"max-image-preview:large","max-video-preview":"max-video-preview:-1"},"canonical":"https:\/\/alarencontre.de\/reyniesartdeco\/architecture-6\/","og_locale":"fr_FR","og_type":"article","og_title":"Architecture Art D\u00e9co 6 - A la rencontre de","og_description":"\u00ab \u00c0 la rencontre de \u00bb, une application Internet de d\u00e9couverte du patrimoine architectural","og_url":"https:\/\/alarencontre.de\/reyniesartdeco\/architecture-6\/","og_site_name":"A la rencontre de","article_modified_time":"2022-11-04T07:47:28+00:00","twitter_card":"summary_large_image","twitter_misc":{"Dur\u00e9e de lecture estim\u00e9e":"1 minute"},"schema":{"@context":"https:\/\/schema.org","@graph":[{"@type":"WebPage","@id":"https:\/\/alarencontre.de\/reyniesartdeco\/architecture-6\/","url":"https:\/\/alarencontre.de\/reyniesartdeco\/architecture-6\/","name":"Architecture Art D\u00e9co 6 - A la rencontre de","isPartOf":{"@id":"https:\/\/alarencontre.de\/reyniesartdeco\/#website"},"datePublished":"2021-05-12T09:59:20+00:00","dateModified":"2022-11-04T07:47:28+00:00","description":"\u00ab \u00c0 la rencontre de \u00bb, une application Internet de d\u00e9couverte du patrimoine architectural","breadcrumb":{"@id":"https:\/\/alarencontre.de\/reyniesartdeco\/architecture-6\/#breadcrumb"},"inLanguage":"fr-FR","potentialAction":[{"@type":"ReadAction","target":["https:\/\/alarencontre.de\/reyniesartdeco\/architecture-6\/"]}]},{"@type":"BreadcrumbList","@id":"https:\/\/alarencontre.de\/reyniesartdeco\/architecture-6\/#breadcrumb","itemListElement":[{"@type":"ListItem","position":1,"name":"Accueil","item":"https:\/\/alarencontre.de\/reyniesartdeco\/"},{"@type":"ListItem","position":2,"name":"Architecture Art D\u00e9co 6"}]},{"@type":"WebSite","@id":"https:\/\/alarencontre.de\/reyniesartdeco\/#website","url":"https:\/\/alarencontre.de\/reyniesartdeco\/","name":"A la rencontre de","description":"Reyni\u00e8s Art D\u00e9co","publisher":{"@id":"https:\/\/alarencontre.de\/reyniesartdeco\/#organization"},"potentialAction":[{"@type":"SearchAction","target":{"@type":"EntryPoint","urlTemplate":"https:\/\/alarencontre.de\/reyniesartdeco\/?s={search_term_string}"},"query-input":{"@type":"PropertyValueSpecification","valueRequired":true,"valueName":"search_term_string"}}],"inLanguage":"fr-FR"},{"@type":"Organization","@id":"https:\/\/alarencontre.de\/reyniesartdeco\/#organization","name":"A la rencontre de","url":"https:\/\/alarencontre.de\/reyniesartdeco\/","logo":{"@type":"ImageObject","inLanguage":"fr-FR","@id":"https:\/\/alarencontre.de\/reyniesartdeco\/#\/schema\/logo\/image\/","url":"https:\/\/alarencontre.de\/reyniesartdeco\/wp-content\/uploads\/2022\/11\/logo-a-la-rencontre-de_192.png","contentUrl":"https:\/\/alarencontre.de\/reyniesartdeco\/wp-content\/uploads\/2022\/11\/logo-a-la-rencontre-de_192.png","width":192,"height":192,"caption":"A la rencontre de"},"image":{"@id":"https:\/\/alarencontre.de\/reyniesartdeco\/#\/schema\/logo\/image\/"}}]}},"_links":{"self":[{"href":"https:\/\/alarencontre.de\/reyniesartdeco\/wp-json\/wp\/v2\/pages\/1804","targetHints":{"allow":["GET"]}}],"collection":[{"href":"https:\/\/alarencontre.de\/reyniesartdeco\/wp-json\/wp\/v2\/pages"}],"about":[{"href":"https:\/\/alarencontre.de\/reyniesartdeco\/wp-json\/wp\/v2\/types\/page"}],"author":[{"embeddable":true,"href":"https:\/\/alarencontre.de\/reyniesartdeco\/wp-json\/wp\/v2\/users\/3"}],"replies":[{"embeddable":true,"href":"https:\/\/alarencontre.de\/reyniesartdeco\/wp-json\/wp\/v2\/comments?post=1804"}],"version-history":[{"count":2,"href":"https:\/\/alarencontre.de\/reyniesartdeco\/wp-json\/wp\/v2\/pages\/1804\/revisions"}],"predecessor-version":[{"id":2580,"href":"https:\/\/alarencontre.de\/reyniesartdeco\/wp-json\/wp\/v2\/pages\/1804\/revisions\/2580"}],"wp:attachment":[{"href":"https:\/\/alarencontre.de\/reyniesartdeco\/wp-json\/wp\/v2\/media?parent=1804"}],"curies":[{"name":"wp","href":"https:\/\/api.w.org\/{rel}","templated":true}]}}