{"id":1810,"date":"2021-05-12T11:59:38","date_gmt":"2021-05-12T09:59:38","guid":{"rendered":"http:\/\/preprod.canto-conseil.com\/discover\/index.php\/architecture-7\/"},"modified":"2022-11-04T08:47:45","modified_gmt":"2022-11-04T07:47:45","slug":"architecture-7","status":"publish","type":"page","link":"https:\/\/alarencontre.de\/reyniesartdeco\/architecture-7\/","title":{"rendered":"Architecture Art D\u00e9co 7"},"content":{"rendered":"\n<p>B\u00e2tisse restaur\u00e9e r\u00e9cemment avec une volont\u00e9 de garder l\u2019esprit et les couleurs d\u2019\u00e9poque, cette maison \u00e0 toit en pans coup\u00e9s montre une fa\u00e7ade en enduit jaune rythm\u00e9 par des s\u00e9ries de briques non saillantes qui soulignent les diff\u00e9rents niveaux et les ouvertures. Une g\u00e9noise \u00e0 deux rangs en dessous du d\u00e9bord de toit permet une ornementation suppl\u00e9mentaire, mais qui n\u2019est pr\u00e9sent que sur la fa\u00e7ade principale. Le porche ouvert devant l\u2019entr\u00e9e est rejet\u00e9 de la fa\u00e7ade et son toit est soutenu par des colonnes. Un balcon s\u2019ouvre sur la gauche dont le toit plus bas que le reste de la b\u00e2tisse est possible gr\u00e2ce au toit \u00e0 pans coup\u00e9s.<\/p>\n\n\n<div class=\"pgc-sgb-cb wp-block-pgcsimplygalleryblock-masonry \" data-gallery-id=\"84792016\"><div class=\"sgb-preloader\" id=\"pr_84792016\">\n\t<div class=\"sgb-square\" style=\"background:#d4d4d4\"><\/div>\n\t<div class=\"sgb-square\" style=\"background:#d4d4d4\"><\/div>\n\t<div class=\"sgb-square\" style=\"background:#d4d4d4\"><\/div>\n\t<div class=\"sgb-square\" style=\"background:#d4d4d4\"><\/div><\/div><div class=\"simply-gallery-amp pgc_sgb_slider \"><noscript><div class=\"sgb-gallery\"><div class=\"sgb-item\"><a href=\"https:\/\/alarencontre.de\/reyniesartdeco\/?attachment_id=2491\" target=\"_blank\"><img decoding=\"async\" alt=\"\" width=\"300\" height=\"201\" loading=\"lazy\" src=\"https:\/\/alarencontre.de\/reyniesartdeco\/wp-content\/uploads\/2022\/10\/A7.3-300x201.jpg\" srcset=\"https:\/\/alarencontre.de\/reyniesartdeco\/wp-content\/uploads\/2022\/10\/A7.3-300x201.jpg 300w,https:\/\/alarencontre.de\/reyniesartdeco\/wp-content\/uploads\/2022\/10\/A7.3-1024x685.jpg 1024w,https:\/\/alarencontre.de\/reyniesartdeco\/wp-content\/uploads\/2022\/10\/A7.3-scaled.jpg 2560w\" sizes=\"auto, 250px\"\/><\/a><\/div><div class=\"sgb-item\"><a href=\"https:\/\/alarencontre.de\/reyniesartdeco\/?attachment_id=2492\" target=\"_blank\"><img decoding=\"async\" alt=\"\" width=\"201\" height=\"300\" loading=\"lazy\" src=\"https:\/\/alarencontre.de\/reyniesartdeco\/wp-content\/uploads\/2022\/10\/A7.4-201x300.jpg\" srcset=\"https:\/\/alarencontre.de\/reyniesartdeco\/wp-content\/uploads\/2022\/10\/A7.4-201x300.jpg 201w,https:\/\/alarencontre.de\/reyniesartdeco\/wp-content\/uploads\/2022\/10\/A7.4-685x1024.jpg 685w,https:\/\/alarencontre.de\/reyniesartdeco\/wp-content\/uploads\/2022\/10\/A7.4-scaled.jpg 1714w\" sizes=\"auto, 250px\"\/><\/a><\/div><div class=\"sgb-item\"><a href=\"https:\/\/alarencontre.de\/reyniesartdeco\/?attachment_id=2493\" target=\"_blank\"><img decoding=\"async\" alt=\"\" width=\"201\" height=\"300\" loading=\"lazy\" src=\"https:\/\/alarencontre.de\/reyniesartdeco\/wp-content\/uploads\/2022\/10\/A7.5-201x300.jpg\" srcset=\"https:\/\/alarencontre.de\/reyniesartdeco\/wp-content\/uploads\/2022\/10\/A7.5-201x300.jpg 201w,https:\/\/alarencontre.de\/reyniesartdeco\/wp-content\/uploads\/2022\/10\/A7.5-685x1024.jpg 685w,https:\/\/alarencontre.de\/reyniesartdeco\/wp-content\/uploads\/2022\/10\/A7.5-scaled.jpg 1714w\" sizes=\"auto, 250px\"\/><\/a><\/div><div class=\"sgb-item\"><a href=\"https:\/\/alarencontre.de\/reyniesartdeco\/?attachment_id=2490\" target=\"_blank\"><img decoding=\"async\" alt=\"\" width=\"300\" height=\"201\" loading=\"lazy\" src=\"https:\/\/alarencontre.de\/reyniesartdeco\/wp-content\/uploads\/2022\/10\/A7.2-300x201.jpg\" srcset=\"https:\/\/alarencontre.de\/reyniesartdeco\/wp-content\/uploads\/2022\/10\/A7.2-300x201.jpg 300w,https:\/\/alarencontre.de\/reyniesartdeco\/wp-content\/uploads\/2022\/10\/A7.2-scaled.jpg 2560w\" sizes=\"auto, 250px\"\/><\/a><\/div><div class=\"sgb-item\"><a href=\"https:\/\/alarencontre.de\/reyniesartdeco\/?attachment_id=2489\" target=\"_blank\"><img decoding=\"async\" alt=\"\" width=\"300\" height=\"300\" loading=\"lazy\" src=\"https:\/\/alarencontre.de\/reyniesartdeco\/wp-content\/uploads\/2022\/10\/A7.1.jpg\" srcset=\",https:\/\/alarencontre.de\/reyniesartdeco\/wp-content\/uploads\/2022\/10\/A7.1.jpg 300w\" sizes=\"auto, 250px\"\/><\/a><\/div><\/div><\/noscript><\/div><script type=\"application\/json\" class=\"sgb-data\">{\"externalLink\":false,\"captions\":false,\"collectionThumbSubMenuDownload\":false,\"galleryType\":\"pgc_sgb_masonry\",\"galleryId\":\"84792016\",\"images\":[{\"id\":2491,\"title\":\"A7.3\",\"url\":\"https:\/\/alarencontre.de\/reyniesartdeco\/wp-content\/uploads\/2022\/10\/A7.3-scaled.jpg\",\"link\":\"https:\/\/alarencontre.de\/reyniesartdeco\/?attachment_id=2491\",\"alt\":\"\",\"description\":\"\",\"caption\":\"\",\"mime\":\"image\/jpeg\",\"type\":\"image\",\"width\":2560,\"height\":1714,\"sizes\":{\"thumbnail\":{\"height\":150,\"width\":150,\"url\":\"https:\/\/alarencontre.de\/reyniesartdeco\/wp-content\/uploads\/2022\/10\/A7.3-150x150.jpg\",\"orientation\":\"landscape\"},\"medium\":{\"height\":201,\"width\":300,\"url\":\"https:\/\/alarencontre.de\/reyniesartdeco\/wp-content\/uploads\/2022\/10\/A7.3-300x201.jpg\",\"orientation\":\"landscape\"},\"large\":{\"height\":685,\"width\":1024,\"url\":\"https:\/\/alarencontre.de\/reyniesartdeco\/wp-content\/uploads\/2022\/10\/A7.3-1024x685.jpg\",\"orientation\":\"landscape\"},\"full\":{\"url\":\"https:\/\/alarencontre.de\/reyniesartdeco\/wp-content\/uploads\/2022\/10\/A7.3-scaled.jpg\",\"height\":1714,\"width\":2560,\"orientation\":\"landscape\"}},\"meta\":false,\"postlink\":\"https:\/\/alarencontre.de\/reyniesartdeco\/?attachment_id=2491\"},{\"id\":2492,\"title\":\"A7.4\",\"url\":\"https:\/\/alarencontre.de\/reyniesartdeco\/wp-content\/uploads\/2022\/10\/A7.4-scaled.jpg\",\"link\":\"https:\/\/alarencontre.de\/reyniesartdeco\/?attachment_id=2492\",\"alt\":\"\",\"description\":\"\",\"caption\":\"\",\"mime\":\"image\/jpeg\",\"type\":\"image\",\"width\":1714,\"height\":2560,\"sizes\":{\"thumbnail\":{\"height\":150,\"width\":150,\"url\":\"https:\/\/alarencontre.de\/reyniesartdeco\/wp-content\/uploads\/2022\/10\/A7.4-150x150.jpg\",\"orientation\":\"landscape\"},\"medium\":{\"height\":300,\"width\":201,\"url\":\"https:\/\/alarencontre.de\/reyniesartdeco\/wp-content\/uploads\/2022\/10\/A7.4-201x300.jpg\",\"orientation\":\"portrait\"},\"large\":{\"height\":1024,\"width\":685,\"url\":\"https:\/\/alarencontre.de\/reyniesartdeco\/wp-content\/uploads\/2022\/10\/A7.4-685x1024.jpg\",\"orientation\":\"portrait\"},\"full\":{\"url\":\"https:\/\/alarencontre.de\/reyniesartdeco\/wp-content\/uploads\/2022\/10\/A7.4-scaled.jpg\",\"height\":2560,\"width\":1714,\"orientation\":\"portrait\"}},\"meta\":false,\"postlink\":\"https:\/\/alarencontre.de\/reyniesartdeco\/?attachment_id=2492\"},{\"id\":2493,\"title\":\"A7.5\",\"url\":\"https:\/\/alarencontre.de\/reyniesartdeco\/wp-content\/uploads\/2022\/10\/A7.5-scaled.jpg\",\"link\":\"https:\/\/alarencontre.de\/reyniesartdeco\/?attachment_id=2493\",\"alt\":\"\",\"description\":\"\",\"caption\":\"\",\"mime\":\"image\/jpeg\",\"type\":\"image\",\"width\":1714,\"height\":2560,\"sizes\":{\"thumbnail\":{\"height\":150,\"width\":150,\"url\":\"https:\/\/alarencontre.de\/reyniesartdeco\/wp-content\/uploads\/2022\/10\/A7.5-150x150.jpg\",\"orientation\":\"landscape\"},\"medium\":{\"height\":300,\"width\":201,\"url\":\"https:\/\/alarencontre.de\/reyniesartdeco\/wp-content\/uploads\/2022\/10\/A7.5-201x300.jpg\",\"orientation\":\"portrait\"},\"large\":{\"height\":1024,\"width\":685,\"url\":\"https:\/\/alarencontre.de\/reyniesartdeco\/wp-content\/uploads\/2022\/10\/A7.5-685x1024.jpg\",\"orientation\":\"portrait\"},\"full\":{\"url\":\"https:\/\/alarencontre.de\/reyniesartdeco\/wp-content\/uploads\/2022\/10\/A7.5-scaled.jpg\",\"height\":2560,\"width\":1714,\"orientation\":\"portrait\"}},\"meta\":false,\"postlink\":\"https:\/\/alarencontre.de\/reyniesartdeco\/?attachment_id=2493\"},{\"id\":2490,\"title\":\"A7.2\",\"url\":\"https:\/\/alarencontre.de\/reyniesartdeco\/wp-content\/uploads\/2022\/10\/A7.2-scaled.jpg\",\"link\":\"https:\/\/alarencontre.de\/reyniesartdeco\/?attachment_id=2490\",\"alt\":\"\",\"description\":\"\",\"caption\":\"\",\"mime\":\"image\/jpeg\",\"type\":\"image\",\"width\":2560,\"height\":1714,\"sizes\":{\"medium\":{\"height\":201,\"width\":300,\"url\":\"https:\/\/alarencontre.de\/reyniesartdeco\/wp-content\/uploads\/2022\/10\/A7.2-300x201.jpg\",\"orientation\":\"landscape\"},\"full\":{\"url\":\"https:\/\/alarencontre.de\/reyniesartdeco\/wp-content\/uploads\/2022\/10\/A7.2-scaled.jpg\",\"height\":1714,\"width\":2560,\"orientation\":\"landscape\"}},\"meta\":false,\"postlink\":\"https:\/\/alarencontre.de\/reyniesartdeco\/?attachment_id=2490\"},{\"id\":2489,\"title\":\"A7.1\",\"url\":\"https:\/\/alarencontre.de\/reyniesartdeco\/wp-content\/uploads\/2022\/10\/A7.1.jpg\",\"link\":\"https:\/\/alarencontre.de\/reyniesartdeco\/?attachment_id=2489\",\"alt\":\"\",\"description\":\"\",\"caption\":\"\",\"mime\":\"image\/jpeg\",\"type\":\"image\",\"meta\":false,\"postlink\":\"https:\/\/alarencontre.de\/reyniesartdeco\/?attachment_id=2489\"}],\"itemsMetaDataCollection\":[],\"useClobalSettings\":true,\"sliderItemDownload\":false}<\/script><script>(function(){if(window.PGC_SGB && window.PGC_SGB.searcher){window.PGC_SGB.searcher.initBlocks()}})()<\/script><\/div>\n\n\n\n<figure class=\"wp-block-image aligncenter size-full\"><a href=\"\/reyniesartdeco\/carte\/\"><img loading=\"lazy\" decoding=\"async\" width=\"295\" height=\"286\" src=\"https:\/\/alarencontre.de\/reyniesartdeco\/wp-content\/uploads\/2022\/11\/carte-reynies2.png\" alt=\"\" class=\"wp-image-2595\"\/><\/a><\/figure>\n","protected":false},"excerpt":{"rendered":"<p>B\u00e2tisse restaur\u00e9e r\u00e9cemment avec une volont\u00e9 de garder l\u2019esprit et les couleurs d\u2019\u00e9poque, cette maison \u00e0 toit en pans coup\u00e9s montre une fa\u00e7ade en enduit jaune rythm\u00e9 par des s\u00e9ries de briques non saillantes qui soulignent les diff\u00e9rents niveaux et les ouvertures. Une g\u00e9noise \u00e0 deux rangs en dessous du d\u00e9bord de toit permet une [&hellip;]<\/p>\n","protected":false},"author":3,"featured_media":0,"parent":0,"menu_order":0,"comment_status":"closed","ping_status":"closed","template":"","meta":{"site-sidebar-layout":"default","site-content-layout":"","ast-site-content-layout":"default","site-content-style":"default","site-sidebar-style":"default","ast-global-header-display":"","ast-banner-title-visibility":"","ast-main-header-display":"","ast-hfb-above-header-display":"","ast-hfb-below-header-display":"","ast-hfb-mobile-header-display":"","site-post-title":"","ast-breadcrumbs-content":"","ast-featured-img":"","footer-sml-layout":"","ast-disable-related-posts":"","theme-transparent-header-meta":"","adv-header-id-meta":"","stick-header-meta":"","header-above-stick-meta":"","header-main-stick-meta":"","header-below-stick-meta":"","astra-migrate-meta-layouts":"default","ast-page-background-enabled":"default","ast-page-background-meta":{"desktop":{"background-color":"var(--ast-global-color-4)","background-image":"","background-repeat":"repeat","background-position":"center center","background-size":"auto","background-attachment":"scroll","background-type":"","background-media":"","overlay-type":"","overlay-color":"","overlay-opacity":"","overlay-gradient":""},"tablet":{"background-color":"","background-image":"","background-repeat":"repeat","background-position":"center center","background-size":"auto","background-attachment":"scroll","background-type":"","background-media":"","overlay-type":"","overlay-color":"","overlay-opacity":"","overlay-gradient":""},"mobile":{"background-color":"","background-image":"","background-repeat":"repeat","background-position":"center center","background-size":"auto","background-attachment":"scroll","background-type":"","background-media":"","overlay-type":"","overlay-color":"","overlay-opacity":"","overlay-gradient":""}},"ast-content-background-meta":{"desktop":{"background-color":"var(--ast-global-color-5)","background-image":"","background-repeat":"repeat","background-position":"center center","background-size":"auto","background-attachment":"scroll","background-type":"","background-media":"","overlay-type":"","overlay-color":"","overlay-opacity":"","overlay-gradient":""},"tablet":{"background-color":"var(--ast-global-color-5)","background-image":"","background-repeat":"repeat","background-position":"center center","background-size":"auto","background-attachment":"scroll","background-type":"","background-media":"","overlay-type":"","overlay-color":"","overlay-opacity":"","overlay-gradient":""},"mobile":{"background-color":"var(--ast-global-color-5)","background-image":"","background-repeat":"repeat","background-position":"center center","background-size":"auto","background-attachment":"scroll","background-type":"","background-media":"","overlay-type":"","overlay-color":"","overlay-opacity":"","overlay-gradient":""}},"pgc_sgb_lightbox_settings":"","iawp_total_views":0,"footnotes":""},"class_list":["post-1810","page","type-page","status-publish","hentry"],"yoast_head":"<!-- This site is optimized with the Yoast SEO plugin v27.4 - https:\/\/yoast.com\/product\/yoast-seo-wordpress\/ -->\n<title>Architecture Art D\u00e9co 7 - A la rencontre de<\/title>\n<meta name=\"description\" content=\"\u00ab \u00c0 la rencontre de \u00bb, une application Internet de d\u00e9couverte du patrimoine architectural\" \/>\n<meta name=\"robots\" content=\"index, follow, max-snippet:-1, max-image-preview:large, max-video-preview:-1\" \/>\n<link rel=\"canonical\" href=\"https:\/\/alarencontre.de\/reyniesartdeco\/architecture-7\/\" \/>\n<meta property=\"og:locale\" content=\"fr_FR\" \/>\n<meta property=\"og:type\" content=\"article\" \/>\n<meta property=\"og:title\" content=\"Architecture Art D\u00e9co 7 - A la rencontre de\" \/>\n<meta property=\"og:description\" content=\"\u00ab \u00c0 la rencontre de \u00bb, une application Internet de d\u00e9couverte du patrimoine architectural\" \/>\n<meta property=\"og:url\" content=\"https:\/\/alarencontre.de\/reyniesartdeco\/architecture-7\/\" \/>\n<meta property=\"og:site_name\" content=\"A la rencontre de\" \/>\n<meta property=\"article:modified_time\" content=\"2022-11-04T07:47:45+00:00\" \/>\n<meta name=\"twitter:card\" content=\"summary_large_image\" \/>\n<meta name=\"twitter:label1\" content=\"Dur\u00e9e de lecture estim\u00e9e\" \/>\n\t<meta name=\"twitter:data1\" content=\"1 minute\" \/>\n<script type=\"application\/ld+json\" class=\"yoast-schema-graph\">{\"@context\":\"https:\\\/\\\/schema.org\",\"@graph\":[{\"@type\":\"WebPage\",\"@id\":\"https:\\\/\\\/alarencontre.de\\\/reyniesartdeco\\\/architecture-7\\\/\",\"url\":\"https:\\\/\\\/alarencontre.de\\\/reyniesartdeco\\\/architecture-7\\\/\",\"name\":\"Architecture Art D\u00e9co 7 - A la rencontre de\",\"isPartOf\":{\"@id\":\"https:\\\/\\\/alarencontre.de\\\/reyniesartdeco\\\/#website\"},\"datePublished\":\"2021-05-12T09:59:38+00:00\",\"dateModified\":\"2022-11-04T07:47:45+00:00\",\"description\":\"\u00ab \u00c0 la rencontre de \u00bb, une application Internet de d\u00e9couverte du patrimoine architectural\",\"breadcrumb\":{\"@id\":\"https:\\\/\\\/alarencontre.de\\\/reyniesartdeco\\\/architecture-7\\\/#breadcrumb\"},\"inLanguage\":\"fr-FR\",\"potentialAction\":[{\"@type\":\"ReadAction\",\"target\":[\"https:\\\/\\\/alarencontre.de\\\/reyniesartdeco\\\/architecture-7\\\/\"]}]},{\"@type\":\"BreadcrumbList\",\"@id\":\"https:\\\/\\\/alarencontre.de\\\/reyniesartdeco\\\/architecture-7\\\/#breadcrumb\",\"itemListElement\":[{\"@type\":\"ListItem\",\"position\":1,\"name\":\"Accueil\",\"item\":\"https:\\\/\\\/alarencontre.de\\\/reyniesartdeco\\\/\"},{\"@type\":\"ListItem\",\"position\":2,\"name\":\"Architecture Art D\u00e9co 7\"}]},{\"@type\":\"WebSite\",\"@id\":\"https:\\\/\\\/alarencontre.de\\\/reyniesartdeco\\\/#website\",\"url\":\"https:\\\/\\\/alarencontre.de\\\/reyniesartdeco\\\/\",\"name\":\"A la rencontre de\",\"description\":\"Reyni\u00e8s Art D\u00e9co\",\"publisher\":{\"@id\":\"https:\\\/\\\/alarencontre.de\\\/reyniesartdeco\\\/#organization\"},\"potentialAction\":[{\"@type\":\"SearchAction\",\"target\":{\"@type\":\"EntryPoint\",\"urlTemplate\":\"https:\\\/\\\/alarencontre.de\\\/reyniesartdeco\\\/?s={search_term_string}\"},\"query-input\":{\"@type\":\"PropertyValueSpecification\",\"valueRequired\":true,\"valueName\":\"search_term_string\"}}],\"inLanguage\":\"fr-FR\"},{\"@type\":\"Organization\",\"@id\":\"https:\\\/\\\/alarencontre.de\\\/reyniesartdeco\\\/#organization\",\"name\":\"A la rencontre de\",\"url\":\"https:\\\/\\\/alarencontre.de\\\/reyniesartdeco\\\/\",\"logo\":{\"@type\":\"ImageObject\",\"inLanguage\":\"fr-FR\",\"@id\":\"https:\\\/\\\/alarencontre.de\\\/reyniesartdeco\\\/#\\\/schema\\\/logo\\\/image\\\/\",\"url\":\"https:\\\/\\\/alarencontre.de\\\/reyniesartdeco\\\/wp-content\\\/uploads\\\/2022\\\/11\\\/logo-a-la-rencontre-de_192.png\",\"contentUrl\":\"https:\\\/\\\/alarencontre.de\\\/reyniesartdeco\\\/wp-content\\\/uploads\\\/2022\\\/11\\\/logo-a-la-rencontre-de_192.png\",\"width\":192,\"height\":192,\"caption\":\"A la rencontre de\"},\"image\":{\"@id\":\"https:\\\/\\\/alarencontre.de\\\/reyniesartdeco\\\/#\\\/schema\\\/logo\\\/image\\\/\"}}]}<\/script>\n<!-- \/ Yoast SEO plugin. -->","yoast_head_json":{"title":"Architecture Art D\u00e9co 7 - A la rencontre de","description":"\u00ab \u00c0 la rencontre de \u00bb, une application Internet de d\u00e9couverte du patrimoine architectural","robots":{"index":"index","follow":"follow","max-snippet":"max-snippet:-1","max-image-preview":"max-image-preview:large","max-video-preview":"max-video-preview:-1"},"canonical":"https:\/\/alarencontre.de\/reyniesartdeco\/architecture-7\/","og_locale":"fr_FR","og_type":"article","og_title":"Architecture Art D\u00e9co 7 - A la rencontre de","og_description":"\u00ab \u00c0 la rencontre de \u00bb, une application Internet de d\u00e9couverte du patrimoine architectural","og_url":"https:\/\/alarencontre.de\/reyniesartdeco\/architecture-7\/","og_site_name":"A la rencontre de","article_modified_time":"2022-11-04T07:47:45+00:00","twitter_card":"summary_large_image","twitter_misc":{"Dur\u00e9e de lecture estim\u00e9e":"1 minute"},"schema":{"@context":"https:\/\/schema.org","@graph":[{"@type":"WebPage","@id":"https:\/\/alarencontre.de\/reyniesartdeco\/architecture-7\/","url":"https:\/\/alarencontre.de\/reyniesartdeco\/architecture-7\/","name":"Architecture Art D\u00e9co 7 - A la rencontre de","isPartOf":{"@id":"https:\/\/alarencontre.de\/reyniesartdeco\/#website"},"datePublished":"2021-05-12T09:59:38+00:00","dateModified":"2022-11-04T07:47:45+00:00","description":"\u00ab \u00c0 la rencontre de \u00bb, une application Internet de d\u00e9couverte du patrimoine architectural","breadcrumb":{"@id":"https:\/\/alarencontre.de\/reyniesartdeco\/architecture-7\/#breadcrumb"},"inLanguage":"fr-FR","potentialAction":[{"@type":"ReadAction","target":["https:\/\/alarencontre.de\/reyniesartdeco\/architecture-7\/"]}]},{"@type":"BreadcrumbList","@id":"https:\/\/alarencontre.de\/reyniesartdeco\/architecture-7\/#breadcrumb","itemListElement":[{"@type":"ListItem","position":1,"name":"Accueil","item":"https:\/\/alarencontre.de\/reyniesartdeco\/"},{"@type":"ListItem","position":2,"name":"Architecture Art D\u00e9co 7"}]},{"@type":"WebSite","@id":"https:\/\/alarencontre.de\/reyniesartdeco\/#website","url":"https:\/\/alarencontre.de\/reyniesartdeco\/","name":"A la rencontre de","description":"Reyni\u00e8s Art D\u00e9co","publisher":{"@id":"https:\/\/alarencontre.de\/reyniesartdeco\/#organization"},"potentialAction":[{"@type":"SearchAction","target":{"@type":"EntryPoint","urlTemplate":"https:\/\/alarencontre.de\/reyniesartdeco\/?s={search_term_string}"},"query-input":{"@type":"PropertyValueSpecification","valueRequired":true,"valueName":"search_term_string"}}],"inLanguage":"fr-FR"},{"@type":"Organization","@id":"https:\/\/alarencontre.de\/reyniesartdeco\/#organization","name":"A la rencontre de","url":"https:\/\/alarencontre.de\/reyniesartdeco\/","logo":{"@type":"ImageObject","inLanguage":"fr-FR","@id":"https:\/\/alarencontre.de\/reyniesartdeco\/#\/schema\/logo\/image\/","url":"https:\/\/alarencontre.de\/reyniesartdeco\/wp-content\/uploads\/2022\/11\/logo-a-la-rencontre-de_192.png","contentUrl":"https:\/\/alarencontre.de\/reyniesartdeco\/wp-content\/uploads\/2022\/11\/logo-a-la-rencontre-de_192.png","width":192,"height":192,"caption":"A la rencontre de"},"image":{"@id":"https:\/\/alarencontre.de\/reyniesartdeco\/#\/schema\/logo\/image\/"}}]}},"_links":{"self":[{"href":"https:\/\/alarencontre.de\/reyniesartdeco\/wp-json\/wp\/v2\/pages\/1810","targetHints":{"allow":["GET"]}}],"collection":[{"href":"https:\/\/alarencontre.de\/reyniesartdeco\/wp-json\/wp\/v2\/pages"}],"about":[{"href":"https:\/\/alarencontre.de\/reyniesartdeco\/wp-json\/wp\/v2\/types\/page"}],"author":[{"embeddable":true,"href":"https:\/\/alarencontre.de\/reyniesartdeco\/wp-json\/wp\/v2\/users\/3"}],"replies":[{"embeddable":true,"href":"https:\/\/alarencontre.de\/reyniesartdeco\/wp-json\/wp\/v2\/comments?post=1810"}],"version-history":[{"count":2,"href":"https:\/\/alarencontre.de\/reyniesartdeco\/wp-json\/wp\/v2\/pages\/1810\/revisions"}],"predecessor-version":[{"id":2581,"href":"https:\/\/alarencontre.de\/reyniesartdeco\/wp-json\/wp\/v2\/pages\/1810\/revisions\/2581"}],"wp:attachment":[{"href":"https:\/\/alarencontre.de\/reyniesartdeco\/wp-json\/wp\/v2\/media?parent=1810"}],"curies":[{"name":"wp","href":"https:\/\/api.w.org\/{rel}","templated":true}]}}