{"id":2202,"date":"2022-08-02T11:36:28","date_gmt":"2022-08-02T09:36:28","guid":{"rendered":"https:\/\/alarencontre.de\/moissac\/?page_id=2202"},"modified":"2022-08-19T13:27:42","modified_gmt":"2022-08-19T11:27:42","slug":"comment-scanner","status":"publish","type":"page","link":"https:\/\/alarencontre.de\/reyniesartdeco\/comment-scanner\/","title":{"rendered":"Comment scanner\u202f?"},"content":{"rendered":"\n<p>Voici la mani\u00e8re la plus simple de scanner un QR Code :<\/p>\n\n\n\n<p>Appuyez sur le bouton ci-dessous pour lancer le scanner de QR code int\u00e9gr\u00e9 directement dans ce site web, pensez bien \u00e0 lui accorder la permission d&rsquo;utiliser l&rsquo;appareil photo sinon cela ne fonctionnera pas\u202f!<\/p>\n\n\n\n<p class=\"has-text-align-left\">    \n    <div id=\"qrscannerredirect\" \/>\n    <script type=\"application\/javascript\" >\n      window.qrscannerredirect = {\n        settings: {\"titleScanQRCode\":\"Scanner QR Code\",\"titleRedirect\":\"C'est parti!\",\"contentRedirect\":\"Voulez-vous aller sur \\\"%URL\\\"\",\"titleSelectDevice\":\"Choisir\",\"titleWaitPermission\":\"En attente de permission\",\"titlePermissionFailed\":\"Permission refus\\u00e9e\",\"contentPermissionFailed\":\"Votre navigateur n'a pas la permission d'utiliser l'appareil photo. Autorisez la permission pour scanner le QR code, s'il vous plait.\",\"failedReadQRImage\":\"Aucun QR code d\\u00e9t\\u00e9ct\\u00e9\",\"noPermissionDialogTitle\":\"Pas de permission accord\\u00e9e pour l'appareil photo\",\"noPermissionDialogText\":\"Votre navigateur n'a pas la permission d'utiliser l'appareil photo. Autorisez la permission pour scanner le QR code, s'il vous plait.\",\"noPermissionDialogButton\":\"Choisissez une photo\",\"force\":true,\"disableButton\":false,\"openNewTab\":false,\"primaryColor\":\"#000000\",\"primaryContrastText\":\"#ffffff\",\"assetURLPath\":\"https:\\\/\\\/alarencontre.de\\\/reyniesartdeco\\\/wp-content\\\/plugins\\\/qr-scanner-redirect\\\/include\\\/..\\\/assets\\\/\"}\n      }\n    <\/script><\/p>\n\n\n\n<p>Sinon :<\/p>\n\n\n\n<ul class=\"wp-block-list\"><li>Trouvez un&nbsp;QR Code.<\/li><li>Ouvrez l\u2019application \u00ab appareil photo \u00bb de votre smartphone<\/li><li>Placez le t\u00e9l\u00e9phone \u00e0 environ 20 cm du QR Code, comme si vous vouliez prendre le carr\u00e9 en photo.<\/li><\/ul>\n\n\n\n<p><strong>Deux cas de figure sont alors possibles :<\/strong><\/p>\n\n\n\n<ul class=\"wp-block-list\"><li>Si votre smartphone vous propose de cliquer sur un lien, ou bien ouvre une fen\u00eatre avec un lien internet, alors cela signifie que le lecteur de code est int\u00e9gr\u00e9. Vous n\u2019avez rien \u00e0 faire d\u2019autre.<\/li><li>Si rien ne se passe, c\u2019est que votre t\u00e9l\u00e9phone a besoin d\u2019une application tierce pour\u00a0scanner un QR Code. Heureusement, il existe de nombreuses applications qui font cela tr\u00e8s bien. Il suffit d\u2019aller sur Google Play et de t\u00e9l\u00e9charger <a href=\"https:\/\/play.google.com\/store\/apps\/details?id=com.arjonasoftware.qrscanner&amp;hl=fr&amp;gl=US\"><strong>cette application gratuite et sans publicit\u00e9s<\/strong><\/a>.<\/li><\/ul>\n","protected":false},"excerpt":{"rendered":"<p>Voici la mani\u00e8re la plus simple de scanner un QR Code : Appuyez sur le bouton ci-dessous pour lancer le scanner de QR code int\u00e9gr\u00e9 directement dans ce site web, pensez bien \u00e0 lui accorder la permission d&rsquo;utiliser l&rsquo;appareil photo sinon cela ne fonctionnera pas\u202f! Sinon : Trouvez un&nbsp;QR Code. Ouvrez l\u2019application \u00ab appareil photo [&hellip;]<\/p>\n","protected":false},"author":3,"featured_media":0,"parent":0,"menu_order":0,"comment_status":"closed","ping_status":"closed","template":"","meta":{"site-sidebar-layout":"default","site-content-layout":"","ast-site-content-layout":"default","site-content-style":"default","site-sidebar-style":"default","ast-global-header-display":"","ast-banner-title-visibility":"","ast-main-header-display":"","ast-hfb-above-header-display":"","ast-hfb-below-header-display":"","ast-hfb-mobile-header-display":"","site-post-title":"","ast-breadcrumbs-content":"","ast-featured-img":"","footer-sml-layout":"","ast-disable-related-posts":"","theme-transparent-header-meta":"","adv-header-id-meta":"","stick-header-meta":"","header-above-stick-meta":"","header-main-stick-meta":"","header-below-stick-meta":"","astra-migrate-meta-layouts":"default","ast-page-background-enabled":"default","ast-page-background-meta":{"desktop":{"background-color":"var(--ast-global-color-4)","background-image":"","background-repeat":"repeat","background-position":"center center","background-size":"auto","background-attachment":"scroll","background-type":"","background-media":"","overlay-type":"","overlay-color":"","overlay-opacity":"","overlay-gradient":""},"tablet":{"background-color":"","background-image":"","background-repeat":"repeat","background-position":"center center","background-size":"auto","background-attachment":"scroll","background-type":"","background-media":"","overlay-type":"","overlay-color":"","overlay-opacity":"","overlay-gradient":""},"mobile":{"background-color":"","background-image":"","background-repeat":"repeat","background-position":"center center","background-size":"auto","background-attachment":"scroll","background-type":"","background-media":"","overlay-type":"","overlay-color":"","overlay-opacity":"","overlay-gradient":""}},"ast-content-background-meta":{"desktop":{"background-color":"var(--ast-global-color-5)","background-image":"","background-repeat":"repeat","background-position":"center center","background-size":"auto","background-attachment":"scroll","background-type":"","background-media":"","overlay-type":"","overlay-color":"","overlay-opacity":"","overlay-gradient":""},"tablet":{"background-color":"var(--ast-global-color-5)","background-image":"","background-repeat":"repeat","background-position":"center center","background-size":"auto","background-attachment":"scroll","background-type":"","background-media":"","overlay-type":"","overlay-color":"","overlay-opacity":"","overlay-gradient":""},"mobile":{"background-color":"var(--ast-global-color-5)","background-image":"","background-repeat":"repeat","background-position":"center center","background-size":"auto","background-attachment":"scroll","background-type":"","background-media":"","overlay-type":"","overlay-color":"","overlay-opacity":"","overlay-gradient":""}},"pgc_sgb_lightbox_settings":"","iawp_total_views":0,"footnotes":""},"class_list":["post-2202","page","type-page","status-publish","hentry"],"yoast_head":"<!-- This site is optimized with the Yoast SEO plugin v27.4 - https:\/\/yoast.com\/product\/yoast-seo-wordpress\/ -->\n<title>Comment scanner\u202f? - A la rencontre de<\/title>\n<meta name=\"description\" content=\"\u00ab A la rencontre de \u00bb, une application Internet de d\u00e9couverte du patrimoine architectural. Scannez, d\u00e9couvrez!\" \/>\n<meta name=\"robots\" content=\"index, follow, max-snippet:-1, max-image-preview:large, max-video-preview:-1\" \/>\n<link rel=\"canonical\" href=\"https:\/\/alarencontre.de\/reyniesartdeco\/comment-scanner\/\" \/>\n<meta property=\"og:locale\" content=\"fr_FR\" \/>\n<meta property=\"og:type\" content=\"article\" \/>\n<meta property=\"og:title\" content=\"Comment scanner\u202f? - A la rencontre de\" \/>\n<meta property=\"og:description\" content=\"\u00ab A la rencontre de \u00bb, une application Internet de d\u00e9couverte du patrimoine architectural. Scannez, d\u00e9couvrez!\" \/>\n<meta property=\"og:url\" content=\"https:\/\/alarencontre.de\/reyniesartdeco\/comment-scanner\/\" \/>\n<meta property=\"og:site_name\" content=\"A la rencontre de\" \/>\n<meta property=\"article:modified_time\" content=\"2022-08-19T11:27:42+00:00\" \/>\n<meta name=\"twitter:card\" content=\"summary_large_image\" \/>\n<meta name=\"twitter:label1\" content=\"Dur\u00e9e de lecture estim\u00e9e\" \/>\n\t<meta name=\"twitter:data1\" content=\"1 minute\" \/>\n<script type=\"application\/ld+json\" class=\"yoast-schema-graph\">{\"@context\":\"https:\\\/\\\/schema.org\",\"@graph\":[{\"@type\":\"WebPage\",\"@id\":\"https:\\\/\\\/alarencontre.de\\\/reyniesartdeco\\\/comment-scanner\\\/\",\"url\":\"https:\\\/\\\/alarencontre.de\\\/reyniesartdeco\\\/comment-scanner\\\/\",\"name\":\"Comment scanner\u202f? - A la rencontre de\",\"isPartOf\":{\"@id\":\"https:\\\/\\\/alarencontre.de\\\/reyniesartdeco\\\/#website\"},\"datePublished\":\"2022-08-02T09:36:28+00:00\",\"dateModified\":\"2022-08-19T11:27:42+00:00\",\"description\":\"\u00ab A la rencontre de \u00bb, une application Internet de d\u00e9couverte du patrimoine architectural. Scannez, d\u00e9couvrez!\",\"breadcrumb\":{\"@id\":\"https:\\\/\\\/alarencontre.de\\\/reyniesartdeco\\\/comment-scanner\\\/#breadcrumb\"},\"inLanguage\":\"fr-FR\",\"potentialAction\":[{\"@type\":\"ReadAction\",\"target\":[\"https:\\\/\\\/alarencontre.de\\\/reyniesartdeco\\\/comment-scanner\\\/\"]}]},{\"@type\":\"BreadcrumbList\",\"@id\":\"https:\\\/\\\/alarencontre.de\\\/reyniesartdeco\\\/comment-scanner\\\/#breadcrumb\",\"itemListElement\":[{\"@type\":\"ListItem\",\"position\":1,\"name\":\"Accueil\",\"item\":\"https:\\\/\\\/alarencontre.de\\\/reyniesartdeco\\\/\"},{\"@type\":\"ListItem\",\"position\":2,\"name\":\"Comment scanner\u202f?\"}]},{\"@type\":\"WebSite\",\"@id\":\"https:\\\/\\\/alarencontre.de\\\/reyniesartdeco\\\/#website\",\"url\":\"https:\\\/\\\/alarencontre.de\\\/reyniesartdeco\\\/\",\"name\":\"A la rencontre de\",\"description\":\"Reyni\u00e8s Art D\u00e9co\",\"publisher\":{\"@id\":\"https:\\\/\\\/alarencontre.de\\\/reyniesartdeco\\\/#organization\"},\"potentialAction\":[{\"@type\":\"SearchAction\",\"target\":{\"@type\":\"EntryPoint\",\"urlTemplate\":\"https:\\\/\\\/alarencontre.de\\\/reyniesartdeco\\\/?s={search_term_string}\"},\"query-input\":{\"@type\":\"PropertyValueSpecification\",\"valueRequired\":true,\"valueName\":\"search_term_string\"}}],\"inLanguage\":\"fr-FR\"},{\"@type\":\"Organization\",\"@id\":\"https:\\\/\\\/alarencontre.de\\\/reyniesartdeco\\\/#organization\",\"name\":\"A la rencontre de\",\"url\":\"https:\\\/\\\/alarencontre.de\\\/reyniesartdeco\\\/\",\"logo\":{\"@type\":\"ImageObject\",\"inLanguage\":\"fr-FR\",\"@id\":\"https:\\\/\\\/alarencontre.de\\\/reyniesartdeco\\\/#\\\/schema\\\/logo\\\/image\\\/\",\"url\":\"https:\\\/\\\/alarencontre.de\\\/reyniesartdeco\\\/wp-content\\\/uploads\\\/2022\\\/11\\\/logo-a-la-rencontre-de_192.png\",\"contentUrl\":\"https:\\\/\\\/alarencontre.de\\\/reyniesartdeco\\\/wp-content\\\/uploads\\\/2022\\\/11\\\/logo-a-la-rencontre-de_192.png\",\"width\":192,\"height\":192,\"caption\":\"A la rencontre de\"},\"image\":{\"@id\":\"https:\\\/\\\/alarencontre.de\\\/reyniesartdeco\\\/#\\\/schema\\\/logo\\\/image\\\/\"}}]}<\/script>\n<!-- \/ Yoast SEO plugin. -->","yoast_head_json":{"title":"Comment scanner\u202f? - A la rencontre de","description":"\u00ab A la rencontre de \u00bb, une application Internet de d\u00e9couverte du patrimoine architectural. Scannez, d\u00e9couvrez!","robots":{"index":"index","follow":"follow","max-snippet":"max-snippet:-1","max-image-preview":"max-image-preview:large","max-video-preview":"max-video-preview:-1"},"canonical":"https:\/\/alarencontre.de\/reyniesartdeco\/comment-scanner\/","og_locale":"fr_FR","og_type":"article","og_title":"Comment scanner\u202f? - A la rencontre de","og_description":"\u00ab A la rencontre de \u00bb, une application Internet de d\u00e9couverte du patrimoine architectural. Scannez, d\u00e9couvrez!","og_url":"https:\/\/alarencontre.de\/reyniesartdeco\/comment-scanner\/","og_site_name":"A la rencontre de","article_modified_time":"2022-08-19T11:27:42+00:00","twitter_card":"summary_large_image","twitter_misc":{"Dur\u00e9e de lecture estim\u00e9e":"1 minute"},"schema":{"@context":"https:\/\/schema.org","@graph":[{"@type":"WebPage","@id":"https:\/\/alarencontre.de\/reyniesartdeco\/comment-scanner\/","url":"https:\/\/alarencontre.de\/reyniesartdeco\/comment-scanner\/","name":"Comment scanner\u202f? - A la rencontre de","isPartOf":{"@id":"https:\/\/alarencontre.de\/reyniesartdeco\/#website"},"datePublished":"2022-08-02T09:36:28+00:00","dateModified":"2022-08-19T11:27:42+00:00","description":"\u00ab A la rencontre de \u00bb, une application Internet de d\u00e9couverte du patrimoine architectural. Scannez, d\u00e9couvrez!","breadcrumb":{"@id":"https:\/\/alarencontre.de\/reyniesartdeco\/comment-scanner\/#breadcrumb"},"inLanguage":"fr-FR","potentialAction":[{"@type":"ReadAction","target":["https:\/\/alarencontre.de\/reyniesartdeco\/comment-scanner\/"]}]},{"@type":"BreadcrumbList","@id":"https:\/\/alarencontre.de\/reyniesartdeco\/comment-scanner\/#breadcrumb","itemListElement":[{"@type":"ListItem","position":1,"name":"Accueil","item":"https:\/\/alarencontre.de\/reyniesartdeco\/"},{"@type":"ListItem","position":2,"name":"Comment scanner\u202f?"}]},{"@type":"WebSite","@id":"https:\/\/alarencontre.de\/reyniesartdeco\/#website","url":"https:\/\/alarencontre.de\/reyniesartdeco\/","name":"A la rencontre de","description":"Reyni\u00e8s Art D\u00e9co","publisher":{"@id":"https:\/\/alarencontre.de\/reyniesartdeco\/#organization"},"potentialAction":[{"@type":"SearchAction","target":{"@type":"EntryPoint","urlTemplate":"https:\/\/alarencontre.de\/reyniesartdeco\/?s={search_term_string}"},"query-input":{"@type":"PropertyValueSpecification","valueRequired":true,"valueName":"search_term_string"}}],"inLanguage":"fr-FR"},{"@type":"Organization","@id":"https:\/\/alarencontre.de\/reyniesartdeco\/#organization","name":"A la rencontre de","url":"https:\/\/alarencontre.de\/reyniesartdeco\/","logo":{"@type":"ImageObject","inLanguage":"fr-FR","@id":"https:\/\/alarencontre.de\/reyniesartdeco\/#\/schema\/logo\/image\/","url":"https:\/\/alarencontre.de\/reyniesartdeco\/wp-content\/uploads\/2022\/11\/logo-a-la-rencontre-de_192.png","contentUrl":"https:\/\/alarencontre.de\/reyniesartdeco\/wp-content\/uploads\/2022\/11\/logo-a-la-rencontre-de_192.png","width":192,"height":192,"caption":"A la rencontre de"},"image":{"@id":"https:\/\/alarencontre.de\/reyniesartdeco\/#\/schema\/logo\/image\/"}}]}},"_links":{"self":[{"href":"https:\/\/alarencontre.de\/reyniesartdeco\/wp-json\/wp\/v2\/pages\/2202","targetHints":{"allow":["GET"]}}],"collection":[{"href":"https:\/\/alarencontre.de\/reyniesartdeco\/wp-json\/wp\/v2\/pages"}],"about":[{"href":"https:\/\/alarencontre.de\/reyniesartdeco\/wp-json\/wp\/v2\/types\/page"}],"author":[{"embeddable":true,"href":"https:\/\/alarencontre.de\/reyniesartdeco\/wp-json\/wp\/v2\/users\/3"}],"replies":[{"embeddable":true,"href":"https:\/\/alarencontre.de\/reyniesartdeco\/wp-json\/wp\/v2\/comments?post=2202"}],"version-history":[{"count":0,"href":"https:\/\/alarencontre.de\/reyniesartdeco\/wp-json\/wp\/v2\/pages\/2202\/revisions"}],"wp:attachment":[{"href":"https:\/\/alarencontre.de\/reyniesartdeco\/wp-json\/wp\/v2\/media?parent=2202"}],"curies":[{"name":"wp","href":"https:\/\/api.w.org\/{rel}","templated":true}]}}